{"id":8,"date":"2011-10-26T08:57:44","date_gmt":"2011-10-26T07:57:44","guid":{"rendered":"http:\/\/etude.aellen.org\/?page_id=8"},"modified":"2024-03-19T18:36:23","modified_gmt":"2024-03-19T17:36:23","slug":"vara-celine","status":"publish","type":"page","link":"https:\/\/www.etudeconcert2.ch\/?page_id=8","title":{"rendered":"Marta Fiedorczuk-H\u00e9nin"},"content":{"rendered":"\n<p>Avocate au barreau de Paris et Neuch\u00e2tel, Marta Fiedorczuk-H\u00e9nin est associ\u00e9e au sein de l&rsquo;\u00c9tude depuis le 1<sup>er<\/sup> janvier 2016.<\/p>\n\n\n\n<div class=\"wp-block-columns is-layout-flex wp-container-core-columns-layout-1 wp-block-columns-is-layout-flex\">\n<div class=\"wp-block-column is-layout-flow wp-block-column-is-layout-flow\" style=\"flex-basis:66.66%\">\n<h3 class=\"wp-block-heading\">Domaine d&rsquo;activit\u00e9<\/h3>\n\n\n\n<p>Me Fiedorczuk-H\u00e9nin exerce dans le canton de Neuch\u00e2tel et intervient \u00e0 Bienne et ses alentours, dans les domaines suivants&nbsp;:<\/p>\n\n\n\n<ul>\n<li>Droit p\u00e9nal :\n<ul>\n<li>proc\u00e9dures devant le tribunal de police, le tribunal criminel, le tribunal&nbsp;des mesures de contrainte, proc\u00e9dures de recours et d\u2019appel<\/li>\n<\/ul>\n<\/li>\n\n\n\n<li>Droit civil :\n<ul>\n<li>de la famille et des personnes (s\u00e9paration, divorce, protection de l\u2019enfant&nbsp;et de l\u2019adulte)<\/li>\n\n\n\n<li>des contrats (vente, bail, travail, pr\u00eat, cr\u00e9dit \u00e0 la consommation)<\/li>\n\n\n\n<li>de la responsabilit\u00e9<\/li>\n\n\n\n<li>des poursuites<\/li>\n\n\n\n<li>des soci\u00e9t\u00e9s<\/li>\n<\/ul>\n<\/li>\n\n\n\n<li>Droit administratif :\n<ul>\n<li>des \u00e9trangers (asile, permis de s\u00e9jour, regroupement familial)<\/li>\n\n\n\n<li>de la circulation routi\u00e8re (SCAN)<\/li>\n\n\n\n<li>des assurances (AVS, AI, accident, maladie) et de la pr\u00e9voyance&nbsp;professionnelle<\/li>\n<\/ul>\n<\/li>\n\n\n\n<li>Droit international&nbsp;priv\u00e9 :\n<ul>\n<li>de la famille (reconnaissance de mariages et de divorces \u00e0 l\u2019\u00e9tranger)<\/li>\n\n\n\n<li>des obligations (contrats)<\/li>\n<\/ul>\n<\/li>\n<\/ul>\n<\/div>\n\n\n\n<div class=\"wp-block-column is-layout-flow wp-block-column-is-layout-flow\" style=\"flex-basis:33.33%\">\n<figure class=\"wp-block-image size-full is-style-default\"><img loading=\"lazy\" decoding=\"async\" width=\"1707\" height=\"2560\" src=\"https:\/\/www.etudeconcert2.ch\/wp-content\/uploads\/Marta-F-H-scaled.jpg\" alt=\"\" class=\"wp-image-2990\"\/><figcaption class=\"wp-element-caption\">Marta Fiedorczuk-H\u00e9nin, associ\u00e9e<\/figcaption><\/figure>\n<\/div>\n<\/div>\n\n\n\n<div class=\"wp-block-columns is-layout-flex wp-container-core-columns-layout-3 wp-block-columns-is-layout-flex\">\n<div class=\"wp-block-column is-layout-flow wp-block-column-is-layout-flow\">\n<div class=\"wp-block-columns is-layout-flex wp-container-core-columns-layout-2 wp-block-columns-is-layout-flex\">\n<div class=\"wp-block-column is-layout-flow wp-block-column-is-layout-flow\">\n<h3 class=\"wp-block-heading\">Contact<\/h3>\n\n\n\n<p>Rue du Concert 2<br>Case postale 2230<br>2001 Neuch\u00e2tel<\/p>\n\n\n\n<p>T\u00e9l: 032 724 88 56<br>E-mail :&nbsp;<a href=\"mailto:henin.marta@gmail.com\">henin.marta@gmail.com<\/a><\/p>\n<\/div>\n\n\n\n<div class=\"wp-block-column is-layout-flow wp-block-column-is-layout-flow\">\n<h3 class=\"wp-block-heading\">Langues de travail<\/h3>\n\n\n\n<p>Fran\u00e7ais<br>Polonais<br>Anglais<\/p>\n<\/div>\n<\/div>\n\n\n\n<h3 class=\"wp-block-heading\"><strong>Formations et exp\u00e9riences professionnelles<\/strong><\/h3>\n\n\n\n<p>Formations<\/p>\n\n\n\n<ul>\n<li>Brevet d\u2019avocat fran\u00e7ais (2009)<\/li>\n\n\n\n<li>Master II &#8211; droit priv\u00e9 g\u00e9n\u00e9ral, Universit\u00e9 de Nantes (2007)<\/li>\n\n\n\n<li>Master I &#8211; carri\u00e8res judiciaires et sciences criminelles, Universit\u00e9 de Paris II Panth\u00e9on-Assas (2006)<\/li>\n<\/ul>\n\n\n\n<p>Exp\u00e9riences professionnelles<\/p>\n\n\n\n<p>-Associ\u00e9e (depuis 2016)<\/p>\n\n\n\n<ul>\n<li>Collaboratrice et stagiaire de Me Grandjean (2012-2015)<\/li>\n\n\n\n<li>Collaboratrice dans une \u00e9tude d\u2019avocats \u00e0 Paris sp\u00e9cialis\u00e9e dans le droit de la famille (2010-2012)<\/li>\n\n\n\n<li>Stagiaire dans une \u00e9tude d\u2019avocats \u00e0 Lodz (Pologne) et une \u00e9tude d\u2019avocats franco-polonaise \u00e0 Paris (2009)<\/li>\n<\/ul>\n\n\n\n<h3 class=\"wp-block-heading\">Loisirs<\/h3>\n\n\n\n<p>Sports&nbsp;(boxe tha\u00eflandaise, course \u00e0 pieds, randonn\u00e9es p\u00e9destres)<\/p>\n\n\n\n<p>Lecture (Tatiana de Rosnay, Am\u00e9lie Nothomb, Anna Politkovska\u00efa)<\/p>\n\n\n\n<h3 class=\"wp-block-heading\">Quelques mots en polonais<\/h3>\n\n\n\n<p>Mec. Marta FIEDORCZUK-HENIN zajmuje si\u0119 sprawami karnymi, cywilnymi (prawem rodzinnym, umowami o sprzeda\u017cy, o dzier\u017cawie, o prac\u0119, o po\u017cyczkach i o prawie konsumenckim, oraz odpowiedzialno\u015bci\u0105 cywiln\u0105, prawem upad\u0142o\u015bciowym oraz prawem sp\u00f3\u0142ek \u2013 za\u0142o\u017ceniem przedsi\u0119biorstw, umowami handlowymi, zatrudnieniem pracownik\u00f3w zagranicznych), administracyjnymi (prawem azylu, cudzoziemc\u00f3w, \u0142\u0105czenia rodzin, prawem ubezpieczeniowym, o kwestiach emerytalnych i o ruchu drogowym) oraz sprawami mi\u0119dzynarodowymi.<\/p>\n\n\n\n<p>Pracuj\u0105c po francusku, po polsku i po angielsku, Mec. Marta FIEDORCZUK-HENIN udziela porady prawne i wyst\u0119puje przed s\u0105dami i urz\u0119dami, szczeg\u00f3lnie w kantonie Neuchatel, w Bienne i w okolicach.<\/p>\n<\/div>\n<\/div>\n","protected":false},"excerpt":{"rendered":"<p>Avocate au barreau de Paris et Neuch\u00e2tel, Marta Fiedorczuk-H\u00e9nin est associ\u00e9e au sein de l&rsquo;\u00c9tude depuis le 1er janvier 2016. Domaine d&rsquo;activit\u00e9 Me Fiedorczuk-H\u00e9nin exerce dans le canton de Neuch\u00e2tel &#8230;<\/p>\n","protected":false},"author":4,"featured_media":0,"parent":0,"menu_order":5,"comment_status":"open","ping_status":"closed","template":"","meta":{"footnotes":""},"yoast_head":"<!-- This site is optimized with the Yoast SEO plugin v23.5 - https:\/\/yoast.com\/wordpress\/plugins\/seo\/ -->\n<title>Marta Fiedorczuk-H\u00e9nin - \u00c9tude du Concert<\/title>\n<meta name=\"robots\" content=\"index, follow, max-snippet:-1, max-image-preview:large, max-video-preview:-1\" \/>\n<link rel=\"canonical\" href=\"https:\/\/www.etudeconcert2.ch\/?page_id=8\" \/>\n<meta property=\"og:locale\" content=\"fr_FR\" \/>\n<meta property=\"og:type\" content=\"article\" \/>\n<meta property=\"og:title\" content=\"Marta Fiedorczuk-H\u00e9nin - \u00c9tude du Concert\" \/>\n<meta property=\"og:description\" content=\"Avocate au barreau de Paris et Neuch\u00e2tel, Marta Fiedorczuk-H\u00e9nin est associ\u00e9e au sein de l&rsquo;\u00c9tude depuis le 1er janvier 2016. Domaine d&rsquo;activit\u00e9 Me Fiedorczuk-H\u00e9nin exerce dans le canton de Neuch\u00e2tel ...\" \/>\n<meta property=\"og:url\" content=\"https:\/\/www.etudeconcert2.ch\/?page_id=8\" \/>\n<meta property=\"og:site_name\" content=\"\u00c9tude du Concert\" \/>\n<meta property=\"article:modified_time\" content=\"2024-03-19T17:36:23+00:00\" \/>\n<meta property=\"og:image\" content=\"https:\/\/www.etudeconcert2.ch\/wp-content\/uploads\/Marta-F-H-scaled.jpg\" \/>\n<meta name=\"twitter:label1\" content=\"Dur\u00e9e de lecture estim\u00e9e\" \/>\n\t<meta name=\"twitter:data1\" content=\"2 minutes\" \/>\n<script type=\"application\/ld+json\" class=\"yoast-schema-graph\">{\"@context\":\"https:\/\/schema.org\",\"@graph\":[{\"@type\":\"WebPage\",\"@id\":\"https:\/\/www.etudeconcert2.ch\/?page_id=8\",\"url\":\"https:\/\/www.etudeconcert2.ch\/?page_id=8\",\"name\":\"Marta Fiedorczuk-H\u00e9nin - \u00c9tude du Concert\",\"isPartOf\":{\"@id\":\"https:\/\/www.etudeconcert2.ch\/#website\"},\"primaryImageOfPage\":{\"@id\":\"https:\/\/www.etudeconcert2.ch\/?page_id=8#primaryimage\"},\"image\":{\"@id\":\"https:\/\/www.etudeconcert2.ch\/?page_id=8#primaryimage\"},\"thumbnailUrl\":\"https:\/\/www.etudeconcert2.ch\/wp-content\/uploads\/Marta-F-H-scaled.jpg\",\"datePublished\":\"2011-10-26T07:57:44+00:00\",\"dateModified\":\"2024-03-19T17:36:23+00:00\",\"breadcrumb\":{\"@id\":\"https:\/\/www.etudeconcert2.ch\/?page_id=8#breadcrumb\"},\"inLanguage\":\"fr-FR\",\"potentialAction\":[{\"@type\":\"ReadAction\",\"target\":[\"https:\/\/www.etudeconcert2.ch\/?page_id=8\"]}]},{\"@type\":\"ImageObject\",\"inLanguage\":\"fr-FR\",\"@id\":\"https:\/\/www.etudeconcert2.ch\/?page_id=8#primaryimage\",\"url\":\"https:\/\/www.etudeconcert2.ch\/wp-content\/uploads\/Marta-F-H-scaled.jpg\",\"contentUrl\":\"https:\/\/www.etudeconcert2.ch\/wp-content\/uploads\/Marta-F-H-scaled.jpg\",\"width\":1707,\"height\":2560,\"caption\":\"Avocate au barreau\"},{\"@type\":\"BreadcrumbList\",\"@id\":\"https:\/\/www.etudeconcert2.ch\/?page_id=8#breadcrumb\",\"itemListElement\":[{\"@type\":\"ListItem\",\"position\":1,\"name\":\"Accueil\",\"item\":\"https:\/\/www.etudeconcert2.ch\/\"},{\"@type\":\"ListItem\",\"position\":2,\"name\":\"Marta Fiedorczuk-H\u00e9nin\"}]},{\"@type\":\"WebSite\",\"@id\":\"https:\/\/www.etudeconcert2.ch\/#website\",\"url\":\"https:\/\/www.etudeconcert2.ch\/\",\"name\":\"\u00c9tude du Concert\",\"description\":\"Une \u00e9tude d&#039;avocat\u00b7e\u00b7s proche de vous\",\"potentialAction\":[{\"@type\":\"SearchAction\",\"target\":{\"@type\":\"EntryPoint\",\"urlTemplate\":\"https:\/\/www.etudeconcert2.ch\/?s={search_term_string}\"},\"query-input\":{\"@type\":\"PropertyValueSpecification\",\"valueRequired\":true,\"valueName\":\"search_term_string\"}}],\"inLanguage\":\"fr-FR\"}]}<\/script>\n<!-- \/ Yoast SEO plugin. -->","yoast_head_json":{"title":"Marta Fiedorczuk-H\u00e9nin - \u00c9tude du Concert","robots":{"index":"index","follow":"follow","max-snippet":"max-snippet:-1","max-image-preview":"max-image-preview:large","max-video-preview":"max-video-preview:-1"},"canonical":"https:\/\/www.etudeconcert2.ch\/?page_id=8","og_locale":"fr_FR","og_type":"article","og_title":"Marta Fiedorczuk-H\u00e9nin - \u00c9tude du Concert","og_description":"Avocate au barreau de Paris et Neuch\u00e2tel, Marta Fiedorczuk-H\u00e9nin est associ\u00e9e au sein de l&rsquo;\u00c9tude depuis le 1er janvier 2016. Domaine d&rsquo;activit\u00e9 Me Fiedorczuk-H\u00e9nin exerce dans le canton de Neuch\u00e2tel ...","og_url":"https:\/\/www.etudeconcert2.ch\/?page_id=8","og_site_name":"\u00c9tude du Concert","article_modified_time":"2024-03-19T17:36:23+00:00","og_image":[{"url":"https:\/\/www.etudeconcert2.ch\/wp-content\/uploads\/Marta-F-H-scaled.jpg"}],"twitter_misc":{"Dur\u00e9e de lecture estim\u00e9e":"2 minutes"},"schema":{"@context":"https:\/\/schema.org","@graph":[{"@type":"WebPage","@id":"https:\/\/www.etudeconcert2.ch\/?page_id=8","url":"https:\/\/www.etudeconcert2.ch\/?page_id=8","name":"Marta Fiedorczuk-H\u00e9nin - \u00c9tude du Concert","isPartOf":{"@id":"https:\/\/www.etudeconcert2.ch\/#website"},"primaryImageOfPage":{"@id":"https:\/\/www.etudeconcert2.ch\/?page_id=8#primaryimage"},"image":{"@id":"https:\/\/www.etudeconcert2.ch\/?page_id=8#primaryimage"},"thumbnailUrl":"https:\/\/www.etudeconcert2.ch\/wp-content\/uploads\/Marta-F-H-scaled.jpg","datePublished":"2011-10-26T07:57:44+00:00","dateModified":"2024-03-19T17:36:23+00:00","breadcrumb":{"@id":"https:\/\/www.etudeconcert2.ch\/?page_id=8#breadcrumb"},"inLanguage":"fr-FR","potentialAction":[{"@type":"ReadAction","target":["https:\/\/www.etudeconcert2.ch\/?page_id=8"]}]},{"@type":"ImageObject","inLanguage":"fr-FR","@id":"https:\/\/www.etudeconcert2.ch\/?page_id=8#primaryimage","url":"https:\/\/www.etudeconcert2.ch\/wp-content\/uploads\/Marta-F-H-scaled.jpg","contentUrl":"https:\/\/www.etudeconcert2.ch\/wp-content\/uploads\/Marta-F-H-scaled.jpg","width":1707,"height":2560,"caption":"Avocate au barreau"},{"@type":"BreadcrumbList","@id":"https:\/\/www.etudeconcert2.ch\/?page_id=8#breadcrumb","itemListElement":[{"@type":"ListItem","position":1,"name":"Accueil","item":"https:\/\/www.etudeconcert2.ch\/"},{"@type":"ListItem","position":2,"name":"Marta Fiedorczuk-H\u00e9nin"}]},{"@type":"WebSite","@id":"https:\/\/www.etudeconcert2.ch\/#website","url":"https:\/\/www.etudeconcert2.ch\/","name":"\u00c9tude du Concert","description":"Une \u00e9tude d&#039;avocat\u00b7e\u00b7s proche de vous","potentialAction":[{"@type":"SearchAction","target":{"@type":"EntryPoint","urlTemplate":"https:\/\/www.etudeconcert2.ch\/?s={search_term_string}"},"query-input":{"@type":"PropertyValueSpecification","valueRequired":true,"valueName":"search_term_string"}}],"inLanguage":"fr-FR"}]}},"_links":{"self":[{"href":"https:\/\/www.etudeconcert2.ch\/index.php?rest_route=\/wp\/v2\/pages\/8"}],"collection":[{"href":"https:\/\/www.etudeconcert2.ch\/index.php?rest_route=\/wp\/v2\/pages"}],"about":[{"href":"https:\/\/www.etudeconcert2.ch\/index.php?rest_route=\/wp\/v2\/types\/page"}],"author":[{"embeddable":true,"href":"https:\/\/www.etudeconcert2.ch\/index.php?rest_route=\/wp\/v2\/users\/4"}],"replies":[{"embeddable":true,"href":"https:\/\/www.etudeconcert2.ch\/index.php?rest_route=%2Fwp%2Fv2%2Fcomments&post=8"}],"version-history":[{"count":77,"href":"https:\/\/www.etudeconcert2.ch\/index.php?rest_route=\/wp\/v2\/pages\/8\/revisions"}],"predecessor-version":[{"id":3118,"href":"https:\/\/www.etudeconcert2.ch\/index.php?rest_route=\/wp\/v2\/pages\/8\/revisions\/3118"}],"wp:attachment":[{"href":"https:\/\/www.etudeconcert2.ch\/index.php?rest_route=%2Fwp%2Fv2%2Fmedia&parent=8"}],"curies":[{"name":"wp","href":"https:\/\/api.w.org\/{rel}","templated":true}]}}