{"id":3037,"date":"2023-10-16T15:50:37","date_gmt":"2023-10-16T14:50:37","guid":{"rendered":"https:\/\/www.etudeconcert2.ch\/?page_id=3037"},"modified":"2024-03-20T09:00:15","modified_gmt":"2024-03-20T08:00:15","slug":"dimitri-paratte-avocat","status":"publish","type":"page","link":"https:\/\/www.etudeconcert2.ch\/?page_id=3037","title":{"rendered":"Dimitri Paratte"},"content":{"rendered":"\n<p>Titulaire du brevet d&rsquo;avocat depuis 2023, Dimitri Paratte s&rsquo;est associ\u00e9 au sein de l&rsquo;\u00c9tude du Concert au 1<sup>er<\/sup> ao\u00fbt 2023. <\/p>\n\n\n\n<div class=\"wp-block-columns is-layout-flex wp-container-core-columns-layout-1 wp-block-columns-is-layout-flex\">\n<div class=\"wp-block-column is-layout-flow wp-block-column-is-layout-flow\" style=\"flex-basis:66.66%\">\n<h2 class=\"wp-block-heading\">Domaine d&rsquo;activit\u00e9s<\/h2>\n\n\n\n<ul>\n<li>Droit des soci\u00e9t\u00e9s coop\u00e9ratives et des associations;<\/li>\n\n\n\n<li>Droit du d\u00e9veloppement territorial, de l&rsquo;environnement, de la sant\u00e9 et alimentaire;<\/li>\n\n\n\n<li>Droit du logement et du bail;<\/li>\n\n\n\n<li>Droit du travail public et priv\u00e9, y compris disciplinaire;<\/li>\n\n\n\n<li>D\u00e9fenses des libert\u00e9s publiques (association, expression, manifestation, religieuses, \u00e9tablissement et circulation, etc);<\/li>\n\n\n\n<li>Droit p\u00e9nal;<\/li>\n\n\n\n<li>Contrats.<\/li>\n<\/ul>\n<\/div>\n\n\n\n<div class=\"wp-block-column is-layout-flow wp-block-column-is-layout-flow\" style=\"flex-basis:33.33%\">\n<figure class=\"wp-block-image size-large\"><img loading=\"lazy\" decoding=\"async\" width=\"683\" height=\"1024\" src=\"https:\/\/www.etudeconcert2.ch\/wp-content\/uploads\/Paratte_Dimitri-1-683x1024.jpg\" alt=\"Dimitri Paratte\" class=\"wp-image-3059\" srcset=\"https:\/\/www.etudeconcert2.ch\/wp-content\/uploads\/Paratte_Dimitri-1-683x1024.jpg 683w, https:\/\/www.etudeconcert2.ch\/wp-content\/uploads\/Paratte_Dimitri-1-107x160.jpg 107w, https:\/\/www.etudeconcert2.ch\/wp-content\/uploads\/Paratte_Dimitri-1-1025x1536.jpg 1025w, https:\/\/www.etudeconcert2.ch\/wp-content\/uploads\/Paratte_Dimitri-1-1366x2048.jpg 1366w, https:\/\/www.etudeconcert2.ch\/wp-content\/uploads\/Paratte_Dimitri-1.jpg 1634w\" sizes=\"(max-width: 683px) 100vw, 683px\" \/><\/figure>\n<\/div>\n<\/div>\n\n\n\n<div class=\"wp-block-columns is-layout-flex wp-container-core-columns-layout-2 wp-block-columns-is-layout-flex\">\n<div class=\"wp-block-column is-layout-flow wp-block-column-is-layout-flow\">\n<h3 class=\"wp-block-heading\">Contacts<\/h3>\n\n\n\n<p>Dimitri Paratte<br>Rue du Concert 2<br>2000 Neuch\u00e2tel<\/p>\n\n\n\n<p>+41 78 911 53 31<\/p>\n\n\n\n<p><a href=\"mailto:dimitri.paratte@concertavocats.ch\">dimitri.paratte@concertavocats.ch<\/a><\/p>\n\n\n\n<p>Travaillant \u00e0 temps partiel, il est atteignable par portable, courrier ou courriel.<\/p>\n<\/div>\n\n\n\n<div class=\"wp-block-column is-layout-flow wp-block-column-is-layout-flow\">\n<h3 class=\"wp-block-heading\">Langues de travail<\/h3>\n\n\n\n<p>Fran\u00e7ais<br>Anglais<\/p>\n\n\n\n<p>Un premier contact peut avoir lieu en allemand et en espagnol.<\/p>\n<\/div>\n<\/div>\n\n\n\n<h2 class=\"wp-block-heading\">Parcours et inclinations professionnels<\/h2>\n\n\n\n<p>Il travaille parall\u00e8lement \u00e0 l&rsquo;obtention d&rsquo;un doctorat \u00e0 l&rsquo;Universit\u00e9 de Neuch\u00e2tel. Il a fait notamment son stage aupr\u00e8s de Me <a href=\"https:\/\/www.etudeconcert2.ch\/?page_id=17\">Grandjean<\/a> et <a href=\"https:\/\/www.etudeconcert2.ch\/?page_id=2945\">Desaules<\/a> ainsi qu&rsquo;aupr\u00e8s du Tribunal cantonal.<\/p>\n\n\n\n<p>Son int\u00e9r\u00eat pour le droit est fond\u00e9 sur une conception aig\u00fce de la justice, de l&rsquo;\u00e9galit\u00e9 et des libert\u00e9s. Il pratique d&rsquo;abord le conseil et quand c&rsquo;est n\u00e9cessaire le contentieux administratif, p\u00e9nal ou civil. <\/p>\n\n\n\n<p>Il a effectu\u00e9 avant ses \u00e9tudes de droit un cursus et travaill\u00e9 dans le domaine de l&rsquo;hydrog\u00e9ologie (dipl. CHYN 2013). Il est le r\u00e9cipiendaire du Prix acad\u00e9mique interdisciplinaire du d\u00e9veloppement durable de l&rsquo;Universit\u00e9 de Neuch\u00e2tel pour son m\u00e9moire de Master: <em>L&rsquo;eau, la pollution et la loi: une critique de la protection qualitative de l&rsquo;eau en droit suisse<\/em>.<\/p>\n\n\n\n<p>Son cursus plus complet figure sur <a href=\"https:\/\/www.linkedin.com\/in\/dimitri-paratte\/\">LinkedIn<\/a> .<\/p>\n","protected":false},"excerpt":{"rendered":"<p>Titulaire du brevet d&rsquo;avocat depuis 2023, Dimitri Paratte s&rsquo;est associ\u00e9 au sein de l&rsquo;\u00c9tude du Concert au 1er ao\u00fbt 2023. Domaine d&rsquo;activit\u00e9s Contacts Dimitri ParatteRue du Concert 22000 Neuch\u00e2tel +41 &#8230;<\/p>\n","protected":false},"author":6,"featured_media":0,"parent":0,"menu_order":0,"comment_status":"closed","ping_status":"closed","template":"","meta":{"footnotes":""},"yoast_head":"<!-- This site is optimized with the Yoast SEO plugin v23.5 - https:\/\/yoast.com\/wordpress\/plugins\/seo\/ -->\n<title>Dimitri Paratte - \u00c9tude du Concert<\/title>\n<meta name=\"description\" content=\"Avocat au barreau, conseil, proc\u00e9dure, coop\u00e9rative, logement, am\u00e9nagement du territoire, travail, p\u00e9nal, justice, g\u00e9ologue, d\u00e9fense politique\" \/>\n<meta name=\"robots\" content=\"index, follow, max-snippet:-1, max-image-preview:large, max-video-preview:-1\" \/>\n<link rel=\"canonical\" href=\"https:\/\/www.etudeconcert2.ch\/?page_id=3037\" \/>\n<meta property=\"og:locale\" content=\"fr_FR\" \/>\n<meta property=\"og:type\" content=\"article\" \/>\n<meta property=\"og:title\" content=\"Dimitri Paratte - \u00c9tude du Concert\" \/>\n<meta property=\"og:description\" content=\"Avocat au barreau, conseil, proc\u00e9dure, coop\u00e9rative, logement, am\u00e9nagement du territoire, travail, p\u00e9nal, justice, g\u00e9ologue, d\u00e9fense politique\" \/>\n<meta property=\"og:url\" content=\"https:\/\/www.etudeconcert2.ch\/?page_id=3037\" \/>\n<meta property=\"og:site_name\" content=\"\u00c9tude du Concert\" \/>\n<meta property=\"article:modified_time\" content=\"2024-03-20T08:00:15+00:00\" \/>\n<meta property=\"og:image\" content=\"https:\/\/www.etudeconcert2.ch\/wp-content\/uploads\/Paratte_Dimitri-1-683x1024.jpg\" \/>\n<meta name=\"twitter:label1\" content=\"Dur\u00e9e de lecture estim\u00e9e\" \/>\n\t<meta name=\"twitter:data1\" content=\"2 minutes\" \/>\n<script type=\"application\/ld+json\" class=\"yoast-schema-graph\">{\"@context\":\"https:\/\/schema.org\",\"@graph\":[{\"@type\":[\"WebPage\",\"ContactPage\"],\"@id\":\"https:\/\/www.etudeconcert2.ch\/?page_id=3037\",\"url\":\"https:\/\/www.etudeconcert2.ch\/?page_id=3037\",\"name\":\"Dimitri Paratte - \u00c9tude du Concert\",\"isPartOf\":{\"@id\":\"https:\/\/www.etudeconcert2.ch\/#website\"},\"primaryImageOfPage\":{\"@id\":\"https:\/\/www.etudeconcert2.ch\/?page_id=3037#primaryimage\"},\"image\":{\"@id\":\"https:\/\/www.etudeconcert2.ch\/?page_id=3037#primaryimage\"},\"thumbnailUrl\":\"https:\/\/www.etudeconcert2.ch\/wp-content\/uploads\/Paratte_Dimitri-1-683x1024.jpg\",\"datePublished\":\"2023-10-16T14:50:37+00:00\",\"dateModified\":\"2024-03-20T08:00:15+00:00\",\"description\":\"Avocat au barreau, conseil, proc\u00e9dure, coop\u00e9rative, logement, am\u00e9nagement du territoire, travail, p\u00e9nal, justice, g\u00e9ologue, d\u00e9fense politique\",\"breadcrumb\":{\"@id\":\"https:\/\/www.etudeconcert2.ch\/?page_id=3037#breadcrumb\"},\"inLanguage\":\"fr-FR\",\"potentialAction\":[{\"@type\":\"ReadAction\",\"target\":[\"https:\/\/www.etudeconcert2.ch\/?page_id=3037\"]}]},{\"@type\":\"ImageObject\",\"inLanguage\":\"fr-FR\",\"@id\":\"https:\/\/www.etudeconcert2.ch\/?page_id=3037#primaryimage\",\"url\":\"https:\/\/www.etudeconcert2.ch\/wp-content\/uploads\/Paratte_Dimitri-1.jpg\",\"contentUrl\":\"https:\/\/www.etudeconcert2.ch\/wp-content\/uploads\/Paratte_Dimitri-1.jpg\",\"width\":1634,\"height\":2449,\"caption\":\"Dimitri Paratte\"},{\"@type\":\"BreadcrumbList\",\"@id\":\"https:\/\/www.etudeconcert2.ch\/?page_id=3037#breadcrumb\",\"itemListElement\":[{\"@type\":\"ListItem\",\"position\":1,\"name\":\"Accueil\",\"item\":\"https:\/\/www.etudeconcert2.ch\/\"},{\"@type\":\"ListItem\",\"position\":2,\"name\":\"Dimitri Paratte\"}]},{\"@type\":\"WebSite\",\"@id\":\"https:\/\/www.etudeconcert2.ch\/#website\",\"url\":\"https:\/\/www.etudeconcert2.ch\/\",\"name\":\"\u00c9tude du Concert\",\"description\":\"Une \u00e9tude d&#039;avocat\u00b7e\u00b7s proche de vous\",\"potentialAction\":[{\"@type\":\"SearchAction\",\"target\":{\"@type\":\"EntryPoint\",\"urlTemplate\":\"https:\/\/www.etudeconcert2.ch\/?s={search_term_string}\"},\"query-input\":{\"@type\":\"PropertyValueSpecification\",\"valueRequired\":true,\"valueName\":\"search_term_string\"}}],\"inLanguage\":\"fr-FR\"}]}<\/script>\n<!-- \/ Yoast SEO plugin. -->","yoast_head_json":{"title":"Dimitri Paratte - \u00c9tude du Concert","description":"Avocat au barreau, conseil, proc\u00e9dure, coop\u00e9rative, logement, am\u00e9nagement du territoire, travail, p\u00e9nal, justice, g\u00e9ologue, d\u00e9fense politique","robots":{"index":"index","follow":"follow","max-snippet":"max-snippet:-1","max-image-preview":"max-image-preview:large","max-video-preview":"max-video-preview:-1"},"canonical":"https:\/\/www.etudeconcert2.ch\/?page_id=3037","og_locale":"fr_FR","og_type":"article","og_title":"Dimitri Paratte - \u00c9tude du Concert","og_description":"Avocat au barreau, conseil, proc\u00e9dure, coop\u00e9rative, logement, am\u00e9nagement du territoire, travail, p\u00e9nal, justice, g\u00e9ologue, d\u00e9fense politique","og_url":"https:\/\/www.etudeconcert2.ch\/?page_id=3037","og_site_name":"\u00c9tude du Concert","article_modified_time":"2024-03-20T08:00:15+00:00","og_image":[{"url":"https:\/\/www.etudeconcert2.ch\/wp-content\/uploads\/Paratte_Dimitri-1-683x1024.jpg"}],"twitter_misc":{"Dur\u00e9e de lecture estim\u00e9e":"2 minutes"},"schema":{"@context":"https:\/\/schema.org","@graph":[{"@type":["WebPage","ContactPage"],"@id":"https:\/\/www.etudeconcert2.ch\/?page_id=3037","url":"https:\/\/www.etudeconcert2.ch\/?page_id=3037","name":"Dimitri Paratte - \u00c9tude du Concert","isPartOf":{"@id":"https:\/\/www.etudeconcert2.ch\/#website"},"primaryImageOfPage":{"@id":"https:\/\/www.etudeconcert2.ch\/?page_id=3037#primaryimage"},"image":{"@id":"https:\/\/www.etudeconcert2.ch\/?page_id=3037#primaryimage"},"thumbnailUrl":"https:\/\/www.etudeconcert2.ch\/wp-content\/uploads\/Paratte_Dimitri-1-683x1024.jpg","datePublished":"2023-10-16T14:50:37+00:00","dateModified":"2024-03-20T08:00:15+00:00","description":"Avocat au barreau, conseil, proc\u00e9dure, coop\u00e9rative, logement, am\u00e9nagement du territoire, travail, p\u00e9nal, justice, g\u00e9ologue, d\u00e9fense politique","breadcrumb":{"@id":"https:\/\/www.etudeconcert2.ch\/?page_id=3037#breadcrumb"},"inLanguage":"fr-FR","potentialAction":[{"@type":"ReadAction","target":["https:\/\/www.etudeconcert2.ch\/?page_id=3037"]}]},{"@type":"ImageObject","inLanguage":"fr-FR","@id":"https:\/\/www.etudeconcert2.ch\/?page_id=3037#primaryimage","url":"https:\/\/www.etudeconcert2.ch\/wp-content\/uploads\/Paratte_Dimitri-1.jpg","contentUrl":"https:\/\/www.etudeconcert2.ch\/wp-content\/uploads\/Paratte_Dimitri-1.jpg","width":1634,"height":2449,"caption":"Dimitri Paratte"},{"@type":"BreadcrumbList","@id":"https:\/\/www.etudeconcert2.ch\/?page_id=3037#breadcrumb","itemListElement":[{"@type":"ListItem","position":1,"name":"Accueil","item":"https:\/\/www.etudeconcert2.ch\/"},{"@type":"ListItem","position":2,"name":"Dimitri Paratte"}]},{"@type":"WebSite","@id":"https:\/\/www.etudeconcert2.ch\/#website","url":"https:\/\/www.etudeconcert2.ch\/","name":"\u00c9tude du Concert","description":"Une \u00e9tude d&#039;avocat\u00b7e\u00b7s proche de vous","potentialAction":[{"@type":"SearchAction","target":{"@type":"EntryPoint","urlTemplate":"https:\/\/www.etudeconcert2.ch\/?s={search_term_string}"},"query-input":{"@type":"PropertyValueSpecification","valueRequired":true,"valueName":"search_term_string"}}],"inLanguage":"fr-FR"}]}},"_links":{"self":[{"href":"https:\/\/www.etudeconcert2.ch\/index.php?rest_route=\/wp\/v2\/pages\/3037"}],"collection":[{"href":"https:\/\/www.etudeconcert2.ch\/index.php?rest_route=\/wp\/v2\/pages"}],"about":[{"href":"https:\/\/www.etudeconcert2.ch\/index.php?rest_route=\/wp\/v2\/types\/page"}],"author":[{"embeddable":true,"href":"https:\/\/www.etudeconcert2.ch\/index.php?rest_route=\/wp\/v2\/users\/6"}],"replies":[{"embeddable":true,"href":"https:\/\/www.etudeconcert2.ch\/index.php?rest_route=%2Fwp%2Fv2%2Fcomments&post=3037"}],"version-history":[{"count":7,"href":"https:\/\/www.etudeconcert2.ch\/index.php?rest_route=\/wp\/v2\/pages\/3037\/revisions"}],"predecessor-version":[{"id":3121,"href":"https:\/\/www.etudeconcert2.ch\/index.php?rest_route=\/wp\/v2\/pages\/3037\/revisions\/3121"}],"wp:attachment":[{"href":"https:\/\/www.etudeconcert2.ch\/index.php?rest_route=%2Fwp%2Fv2%2Fmedia&parent=3037"}],"curies":[{"name":"wp","href":"https:\/\/api.w.org\/{rel}","templated":true}]}}