{"id":2945,"date":"2021-06-08T14:33:48","date_gmt":"2021-06-08T13:33:48","guid":{"rendered":"https:\/\/www.etudeconcert2.ch\/?page_id=2945"},"modified":"2021-11-19T10:30:07","modified_gmt":"2021-11-19T09:30:07","slug":"joel-desaules","status":"publish","type":"page","link":"https:\/\/www.etudeconcert2.ch\/?page_id=2945","title":{"rendered":"Jo\u00ebl Desaules"},"content":{"rendered":"\n<p>Jo\u00ebl Desaules, associ\u00e9<\/p>\n","protected":false},"excerpt":{"rendered":"<p>Jo\u00ebl Desaules, associ\u00e9<\/p>\n","protected":false},"author":4,"featured_media":0,"parent":0,"menu_order":5,"comment_status":"closed","ping_status":"closed","template":"page-templates\/full-width.php","meta":{"footnotes":""},"yoast_head":"<!-- This site is optimized with the Yoast SEO plugin v23.5 - https:\/\/yoast.com\/wordpress\/plugins\/seo\/ -->\n<title>Jo\u00ebl Desaules - \u00c9tude du Concert<\/title>\n<meta name=\"robots\" content=\"index, follow, max-snippet:-1, max-image-preview:large, max-video-preview:-1\" \/>\n<link rel=\"canonical\" href=\"https:\/\/www.etudeconcert2.ch\/?page_id=2945\" \/>\n<meta property=\"og:locale\" content=\"fr_FR\" \/>\n<meta property=\"og:type\" content=\"article\" \/>\n<meta property=\"og:title\" content=\"Jo\u00ebl Desaules - \u00c9tude du Concert\" \/>\n<meta property=\"og:description\" content=\"Jo\u00ebl Desaules, associ\u00e9\" \/>\n<meta property=\"og:url\" content=\"https:\/\/www.etudeconcert2.ch\/?page_id=2945\" \/>\n<meta property=\"og:site_name\" content=\"\u00c9tude du Concert\" \/>\n<meta property=\"article:modified_time\" content=\"2021-11-19T09:30:07+00:00\" \/>\n<meta name=\"twitter:label1\" content=\"Dur\u00e9e de lecture estim\u00e9e\" \/>\n\t<meta name=\"twitter:data1\" content=\"1 minute\" \/>\n<script type=\"application\/ld+json\" class=\"yoast-schema-graph\">{\"@context\":\"https:\/\/schema.org\",\"@graph\":[{\"@type\":\"WebPage\",\"@id\":\"https:\/\/www.etudeconcert2.ch\/?page_id=2945\",\"url\":\"https:\/\/www.etudeconcert2.ch\/?page_id=2945\",\"name\":\"Jo\u00ebl Desaules - \u00c9tude du Concert\",\"isPartOf\":{\"@id\":\"https:\/\/www.etudeconcert2.ch\/#website\"},\"datePublished\":\"2021-06-08T13:33:48+00:00\",\"dateModified\":\"2021-11-19T09:30:07+00:00\",\"breadcrumb\":{\"@id\":\"https:\/\/www.etudeconcert2.ch\/?page_id=2945#breadcrumb\"},\"inLanguage\":\"fr-FR\",\"potentialAction\":[{\"@type\":\"ReadAction\",\"target\":[\"https:\/\/www.etudeconcert2.ch\/?page_id=2945\"]}]},{\"@type\":\"BreadcrumbList\",\"@id\":\"https:\/\/www.etudeconcert2.ch\/?page_id=2945#breadcrumb\",\"itemListElement\":[{\"@type\":\"ListItem\",\"position\":1,\"name\":\"Accueil\",\"item\":\"https:\/\/www.etudeconcert2.ch\/\"},{\"@type\":\"ListItem\",\"position\":2,\"name\":\"Jo\u00ebl Desaules\"}]},{\"@type\":\"WebSite\",\"@id\":\"https:\/\/www.etudeconcert2.ch\/#website\",\"url\":\"https:\/\/www.etudeconcert2.ch\/\",\"name\":\"\u00c9tude du Concert\",\"description\":\"Une \u00e9tude d&#039;avocat\u00b7e\u00b7s proche de vous\",\"potentialAction\":[{\"@type\":\"SearchAction\",\"target\":{\"@type\":\"EntryPoint\",\"urlTemplate\":\"https:\/\/www.etudeconcert2.ch\/?s={search_term_string}\"},\"query-input\":{\"@type\":\"PropertyValueSpecification\",\"valueRequired\":true,\"valueName\":\"search_term_string\"}}],\"inLanguage\":\"fr-FR\"}]}<\/script>\n<!-- \/ Yoast SEO plugin. -->","yoast_head_json":{"title":"Jo\u00ebl Desaules - \u00c9tude du Concert","robots":{"index":"index","follow":"follow","max-snippet":"max-snippet:-1","max-image-preview":"max-image-preview:large","max-video-preview":"max-video-preview:-1"},"canonical":"https:\/\/www.etudeconcert2.ch\/?page_id=2945","og_locale":"fr_FR","og_type":"article","og_title":"Jo\u00ebl Desaules - \u00c9tude du Concert","og_description":"Jo\u00ebl Desaules, associ\u00e9","og_url":"https:\/\/www.etudeconcert2.ch\/?page_id=2945","og_site_name":"\u00c9tude du Concert","article_modified_time":"2021-11-19T09:30:07+00:00","twitter_misc":{"Dur\u00e9e de lecture estim\u00e9e":"1 minute"},"schema":{"@context":"https:\/\/schema.org","@graph":[{"@type":"WebPage","@id":"https:\/\/www.etudeconcert2.ch\/?page_id=2945","url":"https:\/\/www.etudeconcert2.ch\/?page_id=2945","name":"Jo\u00ebl Desaules - \u00c9tude du Concert","isPartOf":{"@id":"https:\/\/www.etudeconcert2.ch\/#website"},"datePublished":"2021-06-08T13:33:48+00:00","dateModified":"2021-11-19T09:30:07+00:00","breadcrumb":{"@id":"https:\/\/www.etudeconcert2.ch\/?page_id=2945#breadcrumb"},"inLanguage":"fr-FR","potentialAction":[{"@type":"ReadAction","target":["https:\/\/www.etudeconcert2.ch\/?page_id=2945"]}]},{"@type":"BreadcrumbList","@id":"https:\/\/www.etudeconcert2.ch\/?page_id=2945#breadcrumb","itemListElement":[{"@type":"ListItem","position":1,"name":"Accueil","item":"https:\/\/www.etudeconcert2.ch\/"},{"@type":"ListItem","position":2,"name":"Jo\u00ebl Desaules"}]},{"@type":"WebSite","@id":"https:\/\/www.etudeconcert2.ch\/#website","url":"https:\/\/www.etudeconcert2.ch\/","name":"\u00c9tude du Concert","description":"Une \u00e9tude d&#039;avocat\u00b7e\u00b7s proche de vous","potentialAction":[{"@type":"SearchAction","target":{"@type":"EntryPoint","urlTemplate":"https:\/\/www.etudeconcert2.ch\/?s={search_term_string}"},"query-input":{"@type":"PropertyValueSpecification","valueRequired":true,"valueName":"search_term_string"}}],"inLanguage":"fr-FR"}]}},"_links":{"self":[{"href":"https:\/\/www.etudeconcert2.ch\/index.php?rest_route=\/wp\/v2\/pages\/2945"}],"collection":[{"href":"https:\/\/www.etudeconcert2.ch\/index.php?rest_route=\/wp\/v2\/pages"}],"about":[{"href":"https:\/\/www.etudeconcert2.ch\/index.php?rest_route=\/wp\/v2\/types\/page"}],"author":[{"embeddable":true,"href":"https:\/\/www.etudeconcert2.ch\/index.php?rest_route=\/wp\/v2\/users\/4"}],"replies":[{"embeddable":true,"href":"https:\/\/www.etudeconcert2.ch\/index.php?rest_route=%2Fwp%2Fv2%2Fcomments&post=2945"}],"version-history":[{"count":6,"href":"https:\/\/www.etudeconcert2.ch\/index.php?rest_route=\/wp\/v2\/pages\/2945\/revisions"}],"predecessor-version":[{"id":2979,"href":"https:\/\/www.etudeconcert2.ch\/index.php?rest_route=\/wp\/v2\/pages\/2945\/revisions\/2979"}],"wp:attachment":[{"href":"https:\/\/www.etudeconcert2.ch\/index.php?rest_route=%2Fwp%2Fv2%2Fmedia&parent=2945"}],"curies":[{"name":"wp","href":"https:\/\/api.w.org\/{rel}","templated":true}]}}