{"id":17,"date":"2011-10-26T09:12:00","date_gmt":"2011-10-26T08:12:00","guid":{"rendered":"http:\/\/etude.aellen.org\/?page_id=17"},"modified":"2017-11-28T15:23:44","modified_gmt":"2017-11-28T14:23:44","slug":"grandjean-yves","status":"publish","type":"page","link":"https:\/\/www.etudeconcert2.ch\/?page_id=17","title":{"rendered":"Yves Grandjean"},"content":{"rendered":"<p><img loading=\"lazy\" decoding=\"async\" class=\"alignright size-medium wp-image-167\" title=\"Yves Grandjean\" src=\"http:\/\/www.etudeconcert2.ch\/wp-content\/uploads\/2011\/10\/Portrait-de-loin-avec-chien-Yves-197x300.jpg\" alt=\"\" width=\"197\" height=\"300\" srcset=\"https:\/\/www.etudeconcert2.ch\/wp-content\/uploads\/2011\/10\/Portrait-de-loin-avec-chien-Yves-197x300.jpg 197w, https:\/\/www.etudeconcert2.ch\/wp-content\/uploads\/2011\/10\/Portrait-de-loin-avec-chien-Yves.jpg 421w\" sizes=\"(max-width: 197px) 100vw, 197px\" \/><strong>Associ\u00e9<\/strong><\/p>\n<p><strong>Contact<\/strong><br \/>\nRue du Concert 2<br \/>\nCase postale 2273<br \/>\n2001 Neuch\u00e2tel<br \/>\nT\u00e9l: 032 725 91 91<br \/>\nFax: 032 721 46 18<br \/>\nE-mail:\u00a0<a href=\"mailto:yvesgrandjean@bluewin.ch\" target=\"_blank\" rel=\"noopener\">yvesgrandjean@bluewin.ch<\/a><\/p>\n<p>&nbsp;<\/p>\n<p>&nbsp;<\/p>\n<p>&nbsp;<\/p>\n<p>N\u00e9 en 1956, mari\u00e9, 2 enfants, licenci\u00e9 en droit de l&rsquo;universit\u00e9 de Neuch\u00e2tel et titulaire du brevet d&rsquo;avocat, j&rsquo;ai ouvert mon Etude en 1993.<\/p>\n<p>Parall\u00e8lement \u00e0 mon activit\u00e9 d&rsquo;avocat-conseil et avocat au barreau, j&rsquo;ai exerc\u00e9 -ou exerce- divers mandats et responsabilit\u00e9s.<\/p>\n<ul>\n<li>1994-1998 : r\u00e9daction d&rsquo;articles de vulgarisation juridique (journal \u00ab\u00a0construire\u00a0\u00bb, rubrique \u00ab\u00a0vos droits\u00a0\u00bb);<\/li>\n<li>1999-2001 : cours de droit\u00a0au Centre professionnel de Neuch\u00e2tel (droit des obligations\/droit du travail );<\/li>\n<li>1997-2017 : pr\u00e9sidence de la fondation \u00ab\u00a0Go\u00e9land\u00a0\u00bb (institution pour toxicomanes);<\/li>\n<li>2003-2011: membre du comit\u00e9 de l&rsquo;ANMEA (association fa\u00eeti\u00e8re des institutions sociales priv\u00e9es d&rsquo;int\u00e9r\u00eat public du canton de Neuch\u00e2tel);<\/li>\n<li>2004-2012 : divers mandats et collaboration aupr\u00e8s de la HES-SO (mise sur pied et direction d&rsquo;une commission paritaire, n\u00e9gociation collective, divers avis de droit et participation \u00e0 l&rsquo;\u00e9laboration d&rsquo;une convention intercantonale);<\/li>\n<li>2008-2017 : membre de la commission d&rsquo;examen du barreau neuch\u00e2telois;\n<ul>\n<li>2017-&#8230; : pr\u00e9sidence de la Fondation Addiction Neuch\u00e2tel.<\/li>\n<\/ul>\n<\/li>\n<\/ul>\n<p><strong>Loisirs<\/strong>: champignons, musique classique, ski, entre autres.<\/p>\n","protected":false},"excerpt":{"rendered":"<p>Associ\u00e9 Contact Rue du Concert 2 Case postale 2273 2001 Neuch\u00e2tel T\u00e9l: 032 725 91 91 Fax: 032 721 46 18 E-mail:\u00a0yvesgrandjean@bluewin.ch &nbsp; &nbsp; &nbsp; N\u00e9 en 1956, mari\u00e9, 2 &#8230;<\/p>\n","protected":false},"author":4,"featured_media":0,"parent":0,"menu_order":2,"comment_status":"closed","ping_status":"closed","template":"","meta":{"footnotes":""},"yoast_head":"<!-- This site is optimized with the Yoast SEO plugin v23.5 - https:\/\/yoast.com\/wordpress\/plugins\/seo\/ -->\n<title>Yves Grandjean - \u00c9tude du Concert<\/title>\n<meta name=\"robots\" content=\"index, follow, max-snippet:-1, max-image-preview:large, max-video-preview:-1\" \/>\n<link rel=\"canonical\" href=\"https:\/\/www.etudeconcert2.ch\/?page_id=17\" \/>\n<meta property=\"og:locale\" content=\"fr_FR\" \/>\n<meta property=\"og:type\" content=\"article\" \/>\n<meta property=\"og:title\" content=\"Yves Grandjean - \u00c9tude du Concert\" \/>\n<meta property=\"og:description\" content=\"Associ\u00e9 Contact Rue du Concert 2 Case postale 2273 2001 Neuch\u00e2tel T\u00e9l: 032 725 91 91 Fax: 032 721 46 18 E-mail:\u00a0yvesgrandjean@bluewin.ch &nbsp; &nbsp; &nbsp; N\u00e9 en 1956, mari\u00e9, 2 ...\" \/>\n<meta property=\"og:url\" content=\"https:\/\/www.etudeconcert2.ch\/?page_id=17\" \/>\n<meta property=\"og:site_name\" content=\"\u00c9tude du Concert\" \/>\n<meta property=\"article:modified_time\" content=\"2017-11-28T14:23:44+00:00\" \/>\n<meta property=\"og:image\" content=\"http:\/\/www.etudeconcert2.ch\/wp-content\/uploads\/2011\/10\/Portrait-de-loin-avec-chien-Yves-197x300.jpg\" \/>\n<meta name=\"twitter:label1\" content=\"Dur\u00e9e de lecture estim\u00e9e\" \/>\n\t<meta name=\"twitter:data1\" content=\"1 minute\" \/>\n<script type=\"application\/ld+json\" class=\"yoast-schema-graph\">{\"@context\":\"https:\/\/schema.org\",\"@graph\":[{\"@type\":\"WebPage\",\"@id\":\"https:\/\/www.etudeconcert2.ch\/?page_id=17\",\"url\":\"https:\/\/www.etudeconcert2.ch\/?page_id=17\",\"name\":\"Yves Grandjean - \u00c9tude du Concert\",\"isPartOf\":{\"@id\":\"https:\/\/www.etudeconcert2.ch\/#website\"},\"primaryImageOfPage\":{\"@id\":\"https:\/\/www.etudeconcert2.ch\/?page_id=17#primaryimage\"},\"image\":{\"@id\":\"https:\/\/www.etudeconcert2.ch\/?page_id=17#primaryimage\"},\"thumbnailUrl\":\"http:\/\/www.etudeconcert2.ch\/wp-content\/uploads\/2011\/10\/Portrait-de-loin-avec-chien-Yves-197x300.jpg\",\"datePublished\":\"2011-10-26T08:12:00+00:00\",\"dateModified\":\"2017-11-28T14:23:44+00:00\",\"breadcrumb\":{\"@id\":\"https:\/\/www.etudeconcert2.ch\/?page_id=17#breadcrumb\"},\"inLanguage\":\"fr-FR\",\"potentialAction\":[{\"@type\":\"ReadAction\",\"target\":[\"https:\/\/www.etudeconcert2.ch\/?page_id=17\"]}]},{\"@type\":\"ImageObject\",\"inLanguage\":\"fr-FR\",\"@id\":\"https:\/\/www.etudeconcert2.ch\/?page_id=17#primaryimage\",\"url\":\"http:\/\/www.etudeconcert2.ch\/wp-content\/uploads\/2011\/10\/Portrait-de-loin-avec-chien-Yves-197x300.jpg\",\"contentUrl\":\"http:\/\/www.etudeconcert2.ch\/wp-content\/uploads\/2011\/10\/Portrait-de-loin-avec-chien-Yves-197x300.jpg\"},{\"@type\":\"BreadcrumbList\",\"@id\":\"https:\/\/www.etudeconcert2.ch\/?page_id=17#breadcrumb\",\"itemListElement\":[{\"@type\":\"ListItem\",\"position\":1,\"name\":\"Accueil\",\"item\":\"https:\/\/www.etudeconcert2.ch\/\"},{\"@type\":\"ListItem\",\"position\":2,\"name\":\"Yves Grandjean\"}]},{\"@type\":\"WebSite\",\"@id\":\"https:\/\/www.etudeconcert2.ch\/#website\",\"url\":\"https:\/\/www.etudeconcert2.ch\/\",\"name\":\"\u00c9tude du Concert\",\"description\":\"Une \u00e9tude d&#039;avocat\u00b7e\u00b7s proche de vous\",\"potentialAction\":[{\"@type\":\"SearchAction\",\"target\":{\"@type\":\"EntryPoint\",\"urlTemplate\":\"https:\/\/www.etudeconcert2.ch\/?s={search_term_string}\"},\"query-input\":{\"@type\":\"PropertyValueSpecification\",\"valueRequired\":true,\"valueName\":\"search_term_string\"}}],\"inLanguage\":\"fr-FR\"}]}<\/script>\n<!-- \/ Yoast SEO plugin. -->","yoast_head_json":{"title":"Yves Grandjean - \u00c9tude du Concert","robots":{"index":"index","follow":"follow","max-snippet":"max-snippet:-1","max-image-preview":"max-image-preview:large","max-video-preview":"max-video-preview:-1"},"canonical":"https:\/\/www.etudeconcert2.ch\/?page_id=17","og_locale":"fr_FR","og_type":"article","og_title":"Yves Grandjean - \u00c9tude du Concert","og_description":"Associ\u00e9 Contact Rue du Concert 2 Case postale 2273 2001 Neuch\u00e2tel T\u00e9l: 032 725 91 91 Fax: 032 721 46 18 E-mail:\u00a0yvesgrandjean@bluewin.ch &nbsp; &nbsp; &nbsp; N\u00e9 en 1956, mari\u00e9, 2 ...","og_url":"https:\/\/www.etudeconcert2.ch\/?page_id=17","og_site_name":"\u00c9tude du Concert","article_modified_time":"2017-11-28T14:23:44+00:00","og_image":[{"url":"http:\/\/www.etudeconcert2.ch\/wp-content\/uploads\/2011\/10\/Portrait-de-loin-avec-chien-Yves-197x300.jpg"}],"twitter_misc":{"Dur\u00e9e de lecture estim\u00e9e":"1 minute"},"schema":{"@context":"https:\/\/schema.org","@graph":[{"@type":"WebPage","@id":"https:\/\/www.etudeconcert2.ch\/?page_id=17","url":"https:\/\/www.etudeconcert2.ch\/?page_id=17","name":"Yves Grandjean - \u00c9tude du Concert","isPartOf":{"@id":"https:\/\/www.etudeconcert2.ch\/#website"},"primaryImageOfPage":{"@id":"https:\/\/www.etudeconcert2.ch\/?page_id=17#primaryimage"},"image":{"@id":"https:\/\/www.etudeconcert2.ch\/?page_id=17#primaryimage"},"thumbnailUrl":"http:\/\/www.etudeconcert2.ch\/wp-content\/uploads\/2011\/10\/Portrait-de-loin-avec-chien-Yves-197x300.jpg","datePublished":"2011-10-26T08:12:00+00:00","dateModified":"2017-11-28T14:23:44+00:00","breadcrumb":{"@id":"https:\/\/www.etudeconcert2.ch\/?page_id=17#breadcrumb"},"inLanguage":"fr-FR","potentialAction":[{"@type":"ReadAction","target":["https:\/\/www.etudeconcert2.ch\/?page_id=17"]}]},{"@type":"ImageObject","inLanguage":"fr-FR","@id":"https:\/\/www.etudeconcert2.ch\/?page_id=17#primaryimage","url":"http:\/\/www.etudeconcert2.ch\/wp-content\/uploads\/2011\/10\/Portrait-de-loin-avec-chien-Yves-197x300.jpg","contentUrl":"http:\/\/www.etudeconcert2.ch\/wp-content\/uploads\/2011\/10\/Portrait-de-loin-avec-chien-Yves-197x300.jpg"},{"@type":"BreadcrumbList","@id":"https:\/\/www.etudeconcert2.ch\/?page_id=17#breadcrumb","itemListElement":[{"@type":"ListItem","position":1,"name":"Accueil","item":"https:\/\/www.etudeconcert2.ch\/"},{"@type":"ListItem","position":2,"name":"Yves Grandjean"}]},{"@type":"WebSite","@id":"https:\/\/www.etudeconcert2.ch\/#website","url":"https:\/\/www.etudeconcert2.ch\/","name":"\u00c9tude du Concert","description":"Une \u00e9tude d&#039;avocat\u00b7e\u00b7s proche de vous","potentialAction":[{"@type":"SearchAction","target":{"@type":"EntryPoint","urlTemplate":"https:\/\/www.etudeconcert2.ch\/?s={search_term_string}"},"query-input":{"@type":"PropertyValueSpecification","valueRequired":true,"valueName":"search_term_string"}}],"inLanguage":"fr-FR"}]}},"_links":{"self":[{"href":"https:\/\/www.etudeconcert2.ch\/index.php?rest_route=\/wp\/v2\/pages\/17"}],"collection":[{"href":"https:\/\/www.etudeconcert2.ch\/index.php?rest_route=\/wp\/v2\/pages"}],"about":[{"href":"https:\/\/www.etudeconcert2.ch\/index.php?rest_route=\/wp\/v2\/types\/page"}],"author":[{"embeddable":true,"href":"https:\/\/www.etudeconcert2.ch\/index.php?rest_route=\/wp\/v2\/users\/4"}],"replies":[{"embeddable":true,"href":"https:\/\/www.etudeconcert2.ch\/index.php?rest_route=%2Fwp%2Fv2%2Fcomments&post=17"}],"version-history":[{"count":22,"href":"https:\/\/www.etudeconcert2.ch\/index.php?rest_route=\/wp\/v2\/pages\/17\/revisions"}],"predecessor-version":[{"id":2855,"href":"https:\/\/www.etudeconcert2.ch\/index.php?rest_route=\/wp\/v2\/pages\/17\/revisions\/2855"}],"wp:attachment":[{"href":"https:\/\/www.etudeconcert2.ch\/index.php?rest_route=%2Fwp%2Fv2%2Fmedia&parent=17"}],"curies":[{"name":"wp","href":"https:\/\/api.w.org\/{rel}","templated":true}]}}